{"id":2851,"date":"2024-06-03T19:03:53","date_gmt":"2024-06-03T19:03:53","guid":{"rendered":"https:\/\/www.colegiocesarvallejo.edu.pe\/inicio\/?page_id=2851"},"modified":"2024-11-25T03:31:25","modified_gmt":"2024-11-25T03:31:25","slug":"mision-y-vision","status":"publish","type":"page","link":"https:\/\/www.colegiocesarvallejo.edu.pe\/inicio\/mision-y-vision\/","title":{"rendered":"Misi\u00f3n y Visi\u00f3n"},"content":{"rendered":"\n<div class=\"wp-block-uagb-container uagb-block-97152232 alignfull uagb-is-root-container\"><div class=\"uagb-container__shape uagb-container__shape-bottom uagb-container__invert\" data-negative=\"false\"><svg xmlns=\"https:\/\/www.w3.org\/2000\/svg\" viewBox=\"0 0 1000 100\" preserveAspectRatio=\"none\"><path class=\"uagb-container__shape-fill\" d=\"M421.9,6.5c22.6-2.5,51.5,0.4,75.5,5.3c23.6,4.9,70.9,23.5,100.5,35.7c75.8,32.2,133.7,44.5,192.6,49.7  c23.6,2.1,48.7,3.5,103.4-2.5c54.7-6,106.2-25.6,106.2-25.6V0H0v30.3c0,0,72,32.6,158.4,30.5c39.2-0.7,92.8-6.7,134-22.4  c21.2-8.1,52.2-18.2,79.7-24.2C399.3,7.9,411.6,7.5,421.9,6.5z\"><\/path><\/svg><\/div><div class=\"uagb-container-inner-blocks-wrap\">\n<div class=\"wp-block-uagb-info-box uagb-block-0092f53b uagb-infobox__content-wrap  uagb-infobox-icon-above-title uagb-infobox-image-valign-top\"><div class=\"uagb-ifb-content\"><div class=\"uagb-ifb-title-wrap\"><h3 class=\"uagb-ifb-title\">Misi\u00f3n y Visi\u00f3n<\/h3><\/div><p class=\"uagb-ifb-desc\">Bienvenidos al Colegio C\u00e9sar Vallejo de la provincia de Huanta, un espacio educativo comprometido con la excelencia acad\u00e9mica y el desarrollo integral de nuestros estudiantes. En el coraz\u00f3n de la comunidad, nos enorgullece ser un faro de conocimiento, valores y oportunidades para cada uno de nuestros estudiantes.<\/p><\/div><\/div>\n<\/div><\/div>\n\n\n\n<div class=\"wp-block-uagb-container uagb-block-7ytxrkow alignfull uagb-is-root-container\"><div class=\"uagb-container__shape uagb-container__shape-bottom uagb-container__invert\" data-negative=\"false\"><svg xmlns=\"https:\/\/www.w3.org\/2000\/svg\" viewBox=\"0 0 1000 100\" preserveAspectRatio=\"none\"><path class=\"uagb-container__shape-fill\" d=\"M421.9,6.5c22.6-2.5,51.5,0.4,75.5,5.3c23.6,4.9,70.9,23.5,100.5,35.7c75.8,32.2,133.7,44.5,192.6,49.7  c23.6,2.1,48.7,3.5,103.4-2.5c54.7-6,106.2-25.6,106.2-25.6V0H0v30.3c0,0,72,32.6,158.4,30.5c39.2-0.7,92.8-6.7,134-22.4  c21.2-8.1,52.2-18.2,79.7-24.2C399.3,7.9,411.6,7.5,421.9,6.5z\"><\/path><\/svg><\/div><div class=\"uagb-container-inner-blocks-wrap\">\n<div class=\"wp-block-uagb-container uagb-block-5en1n83f\">\n<div class=\"wp-block-uagb-image alignleft uagb-block-bpnjzvq0 wp-block-uagb-image--layout-default wp-block-uagb-image--effect-static wp-block-uagb-image--align-left\"><figure class=\"wp-block-uagb-image__figure\"><img decoding=\"async\" srcset=\"https:\/\/www.colegiocesarvallejo.edu.pe\/inicio\/wp-content\/uploads\/2024\/11\/WhatsApp-Image-2024-11-22-at-13.21.46-682x1024.jpeg ,https:\/\/www.colegiocesarvallejo.edu.pe\/inicio\/wp-content\/uploads\/2024\/11\/WhatsApp-Image-2024-11-22-at-13.21.46.jpeg 780w, https:\/\/www.colegiocesarvallejo.edu.pe\/inicio\/wp-content\/uploads\/2024\/11\/WhatsApp-Image-2024-11-22-at-13.21.46.jpeg 360w\" sizes=\"auto, (max-width: 480px) 150px\" src=\"https:\/\/www.colegiocesarvallejo.edu.pe\/inicio\/wp-content\/uploads\/2024\/11\/WhatsApp-Image-2024-11-22-at-13.21.46-682x1024.jpeg\" alt=\"\" class=\"uag-image-3391\" width=\"564\" height=\"400\" title=\"WhatsApp Image 2024-11-22 at 13.21.46\" loading=\"lazy\" role=\"img\"\/><\/figure><\/div>\n\n\n\n<div class=\"wp-block-uagb-info-box uagb-block-9kawyav2 uagb-infobox__content-wrap  uagb-infobox-icon-above-title uagb-infobox-image-valign-top\"><div class=\"uagb-ifb-content\"><div class=\"uagb-ifb-title-wrap\"><h3 class=\"uagb-ifb-title\">Visi\u00f3n<\/h3><\/div><p class=\"uagb-ifb-desc\">Al a\u00f1o 2025, Ser reconocidos como una Instituci\u00f3n Educativa l\u00edder en calidad educativa a nivel nacional, que promueve estudiantes de s\u00f3lida formaci\u00f3n integral, competentes, creativos, \u00e9ticamente productivos, comprometidos con la familia y el desarrollo de nuestra sociedad; protagonistas de procesos educativos pertinentes, de calidad, inclusivos y equitativos, con competencias, capacidades, desempe\u00f1os, que consoliden su formaci\u00f3n b\u00e1sica para su auto realizaci\u00f3n como persona, contribuyendo para que todos nuestros estudiantes desarrollen su potencial desde la primera infancia, accedan al mundo letrado, resuelvan problemas, practiquen valores, sepan seguir aprendiendo, se asuman como ciudadanos con derechos y responsabilidades, y aporten al desarrollo de sus comunidades y del pa\u00eds combinando su capital cultural y natural con los avances mundiales&nbsp; en concordancia con el perfil de egreso del Curr\u00edculo Nacional de la Educaci\u00f3n B\u00e1sica.<\/p><\/div><\/div>\n<\/div>\n\n\n\n<div class=\"wp-block-uagb-container uagb-block-hhugrdin\">\n<div class=\"wp-block-uagb-image alignleft uagb-block-nqvtewhc wp-block-uagb-image--layout-default wp-block-uagb-image--effect-static wp-block-uagb-image--align-left\"><figure class=\"wp-block-uagb-image__figure\"><img decoding=\"async\" srcset=\"https:\/\/www.colegiocesarvallejo.edu.pe\/inicio\/wp-content\/uploads\/2024\/11\/WhatsApp-Image-2024-11-18-at-13.26.40-1-768x1024.jpeg ,https:\/\/www.colegiocesarvallejo.edu.pe\/inicio\/wp-content\/uploads\/2024\/11\/WhatsApp-Image-2024-11-18-at-13.26.40-1.jpeg 780w, https:\/\/www.colegiocesarvallejo.edu.pe\/inicio\/wp-content\/uploads\/2024\/11\/WhatsApp-Image-2024-11-18-at-13.26.40-1.jpeg 360w\" sizes=\"auto, (max-width: 480px) 150px\" src=\"https:\/\/www.colegiocesarvallejo.edu.pe\/inicio\/wp-content\/uploads\/2024\/11\/WhatsApp-Image-2024-11-18-at-13.26.40-1-768x1024.jpeg\" alt=\"\" class=\"uag-image-3399\" width=\"564\" height=\"400\" title=\"WhatsApp Image 2024-11-18 at 13.26.40\" loading=\"lazy\" role=\"img\"\/><\/figure><\/div>\n\n\n\n<div class=\"wp-block-uagb-info-box uagb-block-luelroez uagb-infobox__content-wrap  uagb-infobox-icon-above-title uagb-infobox-image-valign-top\"><div class=\"uagb-ifb-content\"><div class=\"uagb-ifb-title-wrap\"><h3 class=\"uagb-ifb-title\">Misi\u00f3n<\/h3><\/div><p class=\"uagb-ifb-desc\">Lograr que todos los estudiantes culminen la escolaridad inicial, primaria y secundaria, afiancen los aprendizajes establecidos en el curr\u00edculo nacional de la educaci\u00f3n b\u00e1sica y alcancen su desarrollo integral con una educaci\u00f3n cient\u00edfica, tecnol\u00f3gica, human\u00edstica, de calidad; y el desarrollo de las competencias para la vida, el trabajo, la convivencia democr\u00e1tica y el ejercicio de la ciudadan\u00eda , en espacios seguros, inclusivos, de sana convivencia&nbsp; orientada en principios y valores humanos,&nbsp; libres de violencia, con profesionales de vocaci\u00f3n, id\u00f3neos, empoderados del enfoque curricular vigente, mediadores el desarrollo del pensamiento creativo, cr\u00edtico, reflexivo, innovador, de resoluci\u00f3n de problemas y toma de decisiones, que le faculte el ejercicio de sus derechos y deberes ciudadanos con sentido \u00e9tico, en una sociedad democr\u00e1tica, justa ,solidaria, accediendo a niveles superiores de estudio, al mundo del trabajo y al desarrollo de la familia.<\/p><\/div><\/div>\n<\/div>\n<\/div><\/div>\n","protected":false},"excerpt":{"rendered":"","protected":false},"author":1,"featured_media":0,"parent":0,"menu_order":0,"comment_status":"closed","ping_status":"closed","template":"","meta":{"_eb_attr":"","_uag_custom_page_level_css":"","site-sidebar-layout":"no-sidebar","site-content-layout":"","ast-site-content-layout":"normal-width-container","site-content-style":"unboxed","site-sidebar-style":"unboxed","ast-global-header-display":"","ast-banner-title-visibility":"","ast-main-header-display":"","ast-hfb-above-header-display":"","ast-hfb-below-header-display":"","ast-hfb-mobile-header-display":"","site-post-title":"disabled","ast-breadcrumbs-content":"","ast-featured-img":"disabled","footer-sml-layout":"","theme-transparent-header-meta":"","adv-header-id-meta":"","stick-header-meta":"","header-above-stick-meta":"","header-main-stick-meta":"","header-below-stick-meta":"","astra-migrate-meta-layouts":"set","ast-page-background-enabled":"default","ast-page-background-meta":{"desktop":{"background-color":"","background-image":"","background-repeat":"repeat","background-position":"center center","background-size":"auto","background-attachment":"scroll","background-type":"","background-media":"","overlay-type":"","overlay-color":"","overlay-gradient":""},"tablet":{"background-color":"","background-image":"","background-repeat":"repeat","background-position":"center center","background-size":"auto","background-attachment":"scroll","background-type":"","background-media":"","overlay-type":"","overlay-color":"","overlay-gradient":""},"mobile":{"background-color":"","background-image":"","background-repeat":"repeat","background-position":"center center","background-size":"auto","background-attachment":"scroll","background-type":"","background-media":"","overlay-type":"","overlay-color":"","overlay-gradient":""}},"ast-content-background-meta":{"desktop":{"background-color":"var(--ast-global-color-5)","background-image":"","background-repeat":"repeat","background-position":"center center","background-size":"auto","background-attachment":"scroll","background-type":"","background-media":"","overlay-type":"","overlay-color":"","overlay-gradient":""},"tablet":{"background-color":"var(--ast-global-color-5)","background-image":"","background-repeat":"repeat","background-position":"center center","background-size":"auto","background-attachment":"scroll","background-type":"","background-media":"","overlay-type":"","overlay-color":"","overlay-gradient":""},"mobile":{"background-color":"var(--ast-global-color-5)","background-image":"","background-repeat":"repeat","background-position":"center center","background-size":"auto","background-attachment":"scroll","background-type":"","background-media":"","overlay-type":"","overlay-color":"","overlay-gradient":""}},"footnotes":""},"class_list":["post-2851","page","type-page","status-publish","hentry"],"uagb_featured_image_src":{"full":false,"thumbnail":false,"medium":false,"medium_large":false,"large":false,"1536x1536":false,"2048x2048":false},"uagb_author_info":{"display_name":"admin","author_link":"https:\/\/www.colegiocesarvallejo.edu.pe\/inicio\/author\/admin\/"},"uagb_comment_info":0,"uagb_excerpt":null,"_links":{"self":[{"href":"https:\/\/www.colegiocesarvallejo.edu.pe\/inicio\/wp-json\/wp\/v2\/pages\/2851","targetHints":{"allow":["GET"]}}],"collection":[{"href":"https:\/\/www.colegiocesarvallejo.edu.pe\/inicio\/wp-json\/wp\/v2\/pages"}],"about":[{"href":"https:\/\/www.colegiocesarvallejo.edu.pe\/inicio\/wp-json\/wp\/v2\/types\/page"}],"author":[{"embeddable":true,"href":"https:\/\/www.colegiocesarvallejo.edu.pe\/inicio\/wp-json\/wp\/v2\/users\/1"}],"replies":[{"embeddable":true,"href":"https:\/\/www.colegiocesarvallejo.edu.pe\/inicio\/wp-json\/wp\/v2\/comments?post=2851"}],"version-history":[{"count":12,"href":"https:\/\/www.colegiocesarvallejo.edu.pe\/inicio\/wp-json\/wp\/v2\/pages\/2851\/revisions"}],"predecessor-version":[{"id":3400,"href":"https:\/\/www.colegiocesarvallejo.edu.pe\/inicio\/wp-json\/wp\/v2\/pages\/2851\/revisions\/3400"}],"wp:attachment":[{"href":"https:\/\/www.colegiocesarvallejo.edu.pe\/inicio\/wp-json\/wp\/v2\/media?parent=2851"}],"curies":[{"name":"wp","href":"https:\/\/api.w.org\/{rel}","templated":true}]}}