{"id":2869,"date":"2024-06-03T19:11:04","date_gmt":"2024-06-03T19:11:04","guid":{"rendered":"https:\/\/www.colegiocesarvallejo.edu.pe\/inicio\/?page_id=2869"},"modified":"2024-06-11T03:19:20","modified_gmt":"2024-06-11T03:19:20","slug":"nivel-secundaria","status":"publish","type":"page","link":"https:\/\/www.colegiocesarvallejo.edu.pe\/inicio\/nivel-secundaria\/","title":{"rendered":"Nivel Secundaria"},"content":{"rendered":"\n<div class=\"wp-block-uagb-container uagb-block-4c92c155 alignfull uagb-is-root-container\"><div class=\"uagb-container__shape uagb-container__shape-bottom uagb-container__invert\" data-negative=\"false\"><svg xmlns=\"https:\/\/www.w3.org\/2000\/svg\" viewBox=\"0 0 1000 100\" preserveAspectRatio=\"none\"><path class=\"uagb-container__shape-fill\" d=\"M421.9,6.5c22.6-2.5,51.5,0.4,75.5,5.3c23.6,4.9,70.9,23.5,100.5,35.7c75.8,32.2,133.7,44.5,192.6,49.7  c23.6,2.1,48.7,3.5,103.4-2.5c54.7-6,106.2-25.6,106.2-25.6V0H0v30.3c0,0,72,32.6,158.4,30.5c39.2-0.7,92.8-6.7,134-22.4  c21.2-8.1,52.2-18.2,79.7-24.2C399.3,7.9,411.6,7.5,421.9,6.5z\"><\/path><\/svg><\/div><div class=\"uagb-container-inner-blocks-wrap\">\n<div class=\"wp-block-uagb-info-box uagb-block-e821f4a3 uagb-infobox__content-wrap  uagb-infobox-icon-above-title uagb-infobox-image-valign-top\"><div class=\"uagb-ifb-content\"><div class=\"uagb-ifb-title-wrap\"><h3 class=\"uagb-ifb-title\">Nivel Secundaria<\/h3><\/div><p class=\"uagb-ifb-desc\">El Nivel Secundario en el Colegio C\u00e9sar Vallejo es una etapa fundamental en la formaci\u00f3n acad\u00e9mica y personal de nuestros estudiantes. Nuestro programa educativo est\u00e1 dise\u00f1ado para ofrecer una educaci\u00f3n de calidad que promueva el desarrollo integral de los j\u00f3venes, prepar\u00e1ndolos para enfrentar los desaf\u00edos del mundo actual y futuro.<\/p><\/div><\/div>\n<\/div><\/div>\n\n\n\n<div class=\"wp-block-uagb-container uagb-block-yzshlq00 alignfull uagb-is-root-container\"><div class=\"uagb-container__shape uagb-container__shape-bottom uagb-container__invert\" data-negative=\"false\"><svg xmlns=\"https:\/\/www.w3.org\/2000\/svg\" viewBox=\"0 0 1000 100\" preserveAspectRatio=\"none\"><path class=\"uagb-container__shape-fill\" d=\"M421.9,6.5c22.6-2.5,51.5,0.4,75.5,5.3c23.6,4.9,70.9,23.5,100.5,35.7c75.8,32.2,133.7,44.5,192.6,49.7  c23.6,2.1,48.7,3.5,103.4-2.5c54.7-6,106.2-25.6,106.2-25.6V0H0v30.3c0,0,72,32.6,158.4,30.5c39.2-0.7,92.8-6.7,134-22.4  c21.2-8.1,52.2-18.2,79.7-24.2C399.3,7.9,411.6,7.5,421.9,6.5z\"><\/path><\/svg><\/div><div class=\"uagb-container-inner-blocks-wrap\">\n<div class=\"wp-block-uagb-info-box uagb-block-joasqdnr uagb-infobox__content-wrap  uagb-infobox-icon-above-title uagb-infobox-image-valign-top\"><div class=\"uagb-ifb-content\"><div class=\"uagb-ifb-title-wrap\"><h2 class=\"uagb-ifb-title\">Caracter\u00edsticas del Nivel Secundario<\/h2><\/div><div class=\"uagb-ifb-separator\"><\/div><\/div><\/div>\n\n\n\n<div class=\"wp-block-uagb-container uagb-layout-grid uagb-block-d6ac3a4r\">\n<div class=\"wp-block-uagb-container uagb-block-fz9qyw3h\">\n<div class=\"wp-block-uagb-image alignleft uagb-block-cvv8doo5 wp-block-uagb-image--layout-default wp-block-uagb-image--effect-static wp-block-uagb-image--align-left\"><figure class=\"wp-block-uagb-image__figure\"><img decoding=\"async\" srcset=\"https:\/\/www.colegiocesarvallejo.edu.pe\/inicio\/wp-content\/uploads\/2024\/06\/en-su-mayoria-son-chicos-y-chicas-del-nivel-secundario-quienes-toman-clases-particulares-1076514.jpg ,https:\/\/www.colegiocesarvallejo.edu.pe\/inicio\/wp-content\/uploads\/2024\/06\/en-su-mayoria-son-chicos-y-chicas-del-nivel-secundario-quienes-toman-clases-particulares-1076514.jpg 780w, https:\/\/www.colegiocesarvallejo.edu.pe\/inicio\/wp-content\/uploads\/2024\/06\/en-su-mayoria-son-chicos-y-chicas-del-nivel-secundario-quienes-toman-clases-particulares-1076514.jpg 360w\" sizes=\"auto, (max-width: 480px) 150px\" src=\"https:\/\/www.colegiocesarvallejo.edu.pe\/inicio\/wp-content\/uploads\/2024\/06\/en-su-mayoria-son-chicos-y-chicas-del-nivel-secundario-quienes-toman-clases-particulares-1076514.jpg\" alt=\"\" class=\"uag-image-3219\" width=\"510\" height=\"300\" title=\"en-su-mayoria-son-chicos-y-chicas-del-nivel-secundario-quienes-toman-clases-particulares-1076514\" loading=\"lazy\" role=\"img\"\/><\/figure><\/div>\n\n\n\n<div class=\"wp-block-uagb-info-box uagb-block-rhurey6r uagb-infobox__content-wrap  uagb-infobox-icon-above-title uagb-infobox-image-valign-top\"><div class=\"uagb-ifb-content\"><div class=\"uagb-ifb-title-wrap\"><h3 class=\"uagb-ifb-title\">Curr\u00edculo Riguroso<\/h3><\/div><p class=\"uagb-ifb-desc\">Nuestro curr\u00edculo acad\u00e9mico est\u00e1 dise\u00f1ado para proporcionar una formaci\u00f3n integral que abarca todas las \u00e1reas del conocimiento, incluyendo matem\u00e1ticas, ciencias, estudios sociales, lengua y literatura, idiomas extranjeros, arte y educaci\u00f3n f\u00edsica.<\/p><\/div><\/div>\n<\/div>\n\n\n\n<div class=\"wp-block-uagb-container uagb-block-e1a6s02f\">\n<div class=\"wp-block-uagb-image alignleft uagb-block-5559rzpi wp-block-uagb-image--layout-default wp-block-uagb-image--effect-static wp-block-uagb-image--align-left\"><figure class=\"wp-block-uagb-image__figure\"><img decoding=\"async\" srcset=\"https:\/\/www.colegiocesarvallejo.edu.pe\/inicio\/wp-content\/uploads\/2024\/06\/nino-aprende-a-multiplicar-700x522-1.png ,https:\/\/www.colegiocesarvallejo.edu.pe\/inicio\/wp-content\/uploads\/2024\/06\/nino-aprende-a-multiplicar-700x522-1.png 780w, https:\/\/www.colegiocesarvallejo.edu.pe\/inicio\/wp-content\/uploads\/2024\/06\/nino-aprende-a-multiplicar-700x522-1.png 360w\" sizes=\"auto, (max-width: 480px) 150px\" src=\"https:\/\/www.colegiocesarvallejo.edu.pe\/inicio\/wp-content\/uploads\/2024\/06\/nino-aprende-a-multiplicar-700x522-1.png\" alt=\"\" class=\"uag-image-3218\" width=\"510\" height=\"300\" title=\"ni\u00f1o-aprende-a-multiplicar-700x522\" loading=\"lazy\" role=\"img\"\/><\/figure><\/div>\n\n\n\n<div class=\"wp-block-uagb-info-box uagb-block-779mjipk uagb-infobox__content-wrap  uagb-infobox-icon-above-title uagb-infobox-image-valign-top\"><div class=\"uagb-ifb-content\"><div class=\"uagb-ifb-title-wrap\"><h3 class=\"uagb-ifb-title\">Enfoque Interdisciplinario<\/h3><\/div><p class=\"uagb-ifb-desc\">Promovemos un enfoque interdisciplinario que permite a los estudiantes explorar conexiones entre diferentes \u00e1reas del conocimiento y aplicar conceptos aprendidos en contextos diversos, fomentando un aprendizaje integral y significativo.<\/p><\/div><\/div>\n<\/div>\n\n\n\n<div class=\"wp-block-uagb-container uagb-block-99zgmkrl\">\n<div class=\"wp-block-uagb-image alignleft uagb-block-kegzouws wp-block-uagb-image--layout-default wp-block-uagb-image--effect-static wp-block-uagb-image--align-left\"><figure class=\"wp-block-uagb-image__figure\"><img decoding=\"async\" srcset=\"https:\/\/www.colegiocesarvallejo.edu.pe\/inicio\/wp-content\/uploads\/2024\/06\/2p.requisitos_de_inscripcion_a_secundaria.-min-1-1024x652.jpg ,https:\/\/www.colegiocesarvallejo.edu.pe\/inicio\/wp-content\/uploads\/2024\/06\/2p.requisitos_de_inscripcion_a_secundaria.-min-1.jpg 780w, https:\/\/www.colegiocesarvallejo.edu.pe\/inicio\/wp-content\/uploads\/2024\/06\/2p.requisitos_de_inscripcion_a_secundaria.-min-1.jpg 360w\" sizes=\"auto, (max-width: 480px) 150px\" src=\"https:\/\/www.colegiocesarvallejo.edu.pe\/inicio\/wp-content\/uploads\/2024\/06\/2p.requisitos_de_inscripcion_a_secundaria.-min-1-1024x652.jpg\" alt=\"\" class=\"uag-image-3215\" width=\"510\" height=\"300\" title=\"2p.requisitos_de_inscripcion_a_secundaria.-min-1\" loading=\"lazy\" role=\"img\"\/><\/figure><\/div>\n\n\n\n<div class=\"wp-block-uagb-info-box uagb-block-i0dwpvaa uagb-infobox__content-wrap  uagb-infobox-icon-above-title uagb-infobox-image-valign-top\"><div class=\"uagb-ifb-content\"><div class=\"uagb-ifb-title-wrap\"><h3 class=\"uagb-ifb-title\">Preparaci\u00f3n para la Universidad y la Vida Profesional<\/h3><\/div><p class=\"uagb-ifb-desc\">Nuestro objetivo es preparar a los estudiantes para el ingreso a la universidad y\/o para incorporarse al mundo laboral, brind\u00e1ndoles las herramientas y habilidades necesarias para alcanzar el \u00e9xito en sus futuras carreras profesionales.<\/p><\/div><\/div>\n<\/div>\n\n\n\n<div class=\"wp-block-uagb-container uagb-block-nbnpzspm\">\n<div class=\"wp-block-uagb-image alignleft uagb-block-lfcixwnv wp-block-uagb-image--layout-default wp-block-uagb-image--effect-static wp-block-uagb-image--align-left\"><figure class=\"wp-block-uagb-image__figure\"><img decoding=\"async\" srcset=\"https:\/\/www.colegiocesarvallejo.edu.pe\/inicio\/wp-content\/uploads\/2024\/06\/ayudar-al-escolar-a-escoger-la-mejor-carrera-para-su-futuro-1024x455.jpg ,https:\/\/www.colegiocesarvallejo.edu.pe\/inicio\/wp-content\/uploads\/2024\/06\/ayudar-al-escolar-a-escoger-la-mejor-carrera-para-su-futuro.jpg 780w, https:\/\/www.colegiocesarvallejo.edu.pe\/inicio\/wp-content\/uploads\/2024\/06\/ayudar-al-escolar-a-escoger-la-mejor-carrera-para-su-futuro.jpg 360w\" sizes=\"auto, (max-width: 480px) 150px\" src=\"https:\/\/www.colegiocesarvallejo.edu.pe\/inicio\/wp-content\/uploads\/2024\/06\/ayudar-al-escolar-a-escoger-la-mejor-carrera-para-su-futuro-1024x455.jpg\" alt=\"\" class=\"uag-image-2911\" width=\"510\" height=\"300\" title=\"ayudar-al-escolar-a-escoger-la-mejor-carrera-para-su-futuro\" loading=\"lazy\" role=\"img\"\/><\/figure><\/div>\n\n\n\n<div class=\"wp-block-uagb-info-box uagb-block-viqrbe3i uagb-infobox__content-wrap  uagb-infobox-icon-above-title uagb-infobox-image-valign-top\"><div class=\"uagb-ifb-content\"><div class=\"uagb-ifb-title-wrap\"><h3 class=\"uagb-ifb-title\">Oportunidades de Participaci\u00f3n y Liderazgo<\/h3><\/div><p class=\"uagb-ifb-desc\">Fomentamos la participaci\u00f3n activa de los estudiantes en actividades extracurriculares, clubes estudiantiles y proyectos especiales que les permitan desarrollar sus habilidades de liderazgo, trabajo en equipo y responsabilidad social.<\/p><\/div><\/div>\n<\/div>\n\n\n\n<div class=\"wp-block-uagb-container uagb-block-088450ad\">\n<div class=\"wp-block-uagb-image alignleft uagb-block-d70cf542 wp-block-uagb-image--layout-default wp-block-uagb-image--effect-static wp-block-uagb-image--align-left\"><figure class=\"wp-block-uagb-image__figure\"><img decoding=\"async\" srcset=\"https:\/\/www.colegiocesarvallejo.edu.pe\/inicio\/wp-content\/uploads\/2024\/06\/secundaria_sebec-1024x418.jpg ,https:\/\/www.colegiocesarvallejo.edu.pe\/inicio\/wp-content\/uploads\/2024\/06\/secundaria_sebec.jpg 780w, https:\/\/www.colegiocesarvallejo.edu.pe\/inicio\/wp-content\/uploads\/2024\/06\/secundaria_sebec.jpg 360w\" sizes=\"auto, (max-width: 480px) 150px\" src=\"https:\/\/www.colegiocesarvallejo.edu.pe\/inicio\/wp-content\/uploads\/2024\/06\/secundaria_sebec-1024x418.jpg\" alt=\"\" class=\"uag-image-3217\" width=\"510\" height=\"300\" title=\"secundaria_sebec\" loading=\"lazy\" role=\"img\"\/><\/figure><\/div>\n\n\n\n<div class=\"wp-block-uagb-info-box uagb-block-2adccc58 uagb-infobox__content-wrap  uagb-infobox-icon-above-title uagb-infobox-image-valign-top\"><div class=\"uagb-ifb-content\"><div class=\"uagb-ifb-title-wrap\"><h3 class=\"uagb-ifb-title\">Orientaci\u00f3n Vocacional y Profesional<\/h3><\/div><p class=\"uagb-ifb-desc\">Ofrecemos servicios de orientaci\u00f3n vocacional y profesional para ayudar a los estudiantes a explorar sus intereses, habilidades y opciones educativas y profesionales, facilit\u00e1ndoles la toma de decisiones informadas sobre su futuro.<\/p><\/div><\/div>\n<\/div>\n\n\n\n<div class=\"wp-block-uagb-container uagb-block-1f1919c1\">\n<div class=\"wp-block-uagb-image alignleft uagb-block-2debd8e0 wp-block-uagb-image--layout-default wp-block-uagb-image--effect-static wp-block-uagb-image--align-left\"><figure class=\"wp-block-uagb-image__figure\"><img decoding=\"async\" srcset=\"https:\/\/www.colegiocesarvallejo.edu.pe\/inicio\/wp-content\/uploads\/2024\/06\/fotonoticia_20220628125259_690.jpg ,https:\/\/www.colegiocesarvallejo.edu.pe\/inicio\/wp-content\/uploads\/2024\/06\/fotonoticia_20220628125259_690.jpg 780w, https:\/\/www.colegiocesarvallejo.edu.pe\/inicio\/wp-content\/uploads\/2024\/06\/fotonoticia_20220628125259_690.jpg 360w\" sizes=\"auto, (max-width: 480px) 150px\" src=\"https:\/\/www.colegiocesarvallejo.edu.pe\/inicio\/wp-content\/uploads\/2024\/06\/fotonoticia_20220628125259_690.jpg\" alt=\"\" class=\"uag-image-3216\" width=\"510\" height=\"300\" title=\"C\u00f3mo ayudarles a cambiar de ciclo educativo\" loading=\"lazy\" role=\"img\"\/><\/figure><\/div>\n\n\n\n<div class=\"wp-block-uagb-info-box uagb-block-0aa021cd uagb-infobox__content-wrap  uagb-infobox-icon-above-title uagb-infobox-image-valign-top\"><div class=\"uagb-ifb-content\"><div class=\"uagb-ifb-title-wrap\"><h3 class=\"uagb-ifb-title\">Apoyo Personalizado<\/h3><\/div><p class=\"uagb-ifb-desc\">Contamos con un equipo de docentes y orientadores comprometidos con el \u00e9xito acad\u00e9mico y personal de los estudiantes, brind\u00e1ndoles apoyo y orientaci\u00f3n individualizada para su desarrollo integral.<\/p><\/div><\/div>\n<\/div>\n<\/div>\n<\/div><\/div>\n","protected":false},"excerpt":{"rendered":"","protected":false},"author":1,"featured_media":0,"parent":0,"menu_order":0,"comment_status":"closed","ping_status":"closed","template":"","meta":{"_eb_attr":"","_uag_custom_page_level_css":"","site-sidebar-layout":"default","site-content-layout":"","ast-site-content-layout":"full-width-container","site-content-style":"default","site-sidebar-style":"default","ast-global-header-display":"","ast-banner-title-visibility":"","ast-main-header-display":"","ast-hfb-above-header-display":"","ast-hfb-below-header-display":"","ast-hfb-mobile-header-display":"","site-post-title":"disabled","ast-breadcrumbs-content":"","ast-featured-img":"","footer-sml-layout":"","theme-transparent-header-meta":"","adv-header-id-meta":"","stick-header-meta":"","header-above-stick-meta":"","header-main-stick-meta":"","header-below-stick-meta":"","astra-migrate-meta-layouts":"set","ast-page-background-enabled":"default","ast-page-background-meta":{"desktop":{"background-color":"","background-image":"","background-repeat":"repeat","background-position":"center center","background-size":"auto","background-attachment":"scroll","background-type":"","background-media":"","overlay-type":"","overlay-color":"","overlay-gradient":""},"tablet":{"background-color":"","background-image":"","background-repeat":"repeat","background-position":"center center","background-size":"auto","background-attachment":"scroll","background-type":"","background-media":"","overlay-type":"","overlay-color":"","overlay-gradient":""},"mobile":{"background-color":"","background-image":"","background-repeat":"repeat","background-position":"center center","background-size":"auto","background-attachment":"scroll","background-type":"","background-media":"","overlay-type":"","overlay-color":"","overlay-gradient":""}},"ast-content-background-meta":{"desktop":{"background-color":"var(--ast-global-color-5)","background-image":"","background-repeat":"repeat","background-position":"center center","background-size":"auto","background-attachment":"scroll","background-type":"","background-media":"","overlay-type":"","overlay-color":"","overlay-gradient":""},"tablet":{"background-color":"var(--ast-global-color-5)","background-image":"","background-repeat":"repeat","background-position":"center center","background-size":"auto","background-attachment":"scroll","background-type":"","background-media":"","overlay-type":"","overlay-color":"","overlay-gradient":""},"mobile":{"background-color":"var(--ast-global-color-5)","background-image":"","background-repeat":"repeat","background-position":"center center","background-size":"auto","background-attachment":"scroll","background-type":"","background-media":"","overlay-type":"","overlay-color":"","overlay-gradient":""}},"footnotes":""},"class_list":["post-2869","page","type-page","status-publish","hentry"],"uagb_featured_image_src":{"full":false,"thumbnail":false,"medium":false,"medium_large":false,"large":false,"1536x1536":false,"2048x2048":false},"uagb_author_info":{"display_name":"admin","author_link":"https:\/\/www.colegiocesarvallejo.edu.pe\/inicio\/author\/admin\/"},"uagb_comment_info":0,"uagb_excerpt":null,"_links":{"self":[{"href":"https:\/\/www.colegiocesarvallejo.edu.pe\/inicio\/wp-json\/wp\/v2\/pages\/2869","targetHints":{"allow":["GET"]}}],"collection":[{"href":"https:\/\/www.colegiocesarvallejo.edu.pe\/inicio\/wp-json\/wp\/v2\/pages"}],"about":[{"href":"https:\/\/www.colegiocesarvallejo.edu.pe\/inicio\/wp-json\/wp\/v2\/types\/page"}],"author":[{"embeddable":true,"href":"https:\/\/www.colegiocesarvallejo.edu.pe\/inicio\/wp-json\/wp\/v2\/users\/1"}],"replies":[{"embeddable":true,"href":"https:\/\/www.colegiocesarvallejo.edu.pe\/inicio\/wp-json\/wp\/v2\/comments?post=2869"}],"version-history":[{"count":9,"href":"https:\/\/www.colegiocesarvallejo.edu.pe\/inicio\/wp-json\/wp\/v2\/pages\/2869\/revisions"}],"predecessor-version":[{"id":3359,"href":"https:\/\/www.colegiocesarvallejo.edu.pe\/inicio\/wp-json\/wp\/v2\/pages\/2869\/revisions\/3359"}],"wp:attachment":[{"href":"https:\/\/www.colegiocesarvallejo.edu.pe\/inicio\/wp-json\/wp\/v2\/media?parent=2869"}],"curies":[{"name":"wp","href":"https:\/\/api.w.org\/{rel}","templated":true}]}}