{"id":3248,"date":"2024-06-10T17:32:06","date_gmt":"2024-06-10T17:32:06","guid":{"rendered":"https:\/\/www.colegiocesarvallejo.edu.pe\/inicio\/?page_id=3248"},"modified":"2024-06-10T22:34:17","modified_gmt":"2024-06-10T22:34:17","slug":"excelencia","status":"publish","type":"page","link":"https:\/\/www.colegiocesarvallejo.edu.pe\/inicio\/excelencia\/","title":{"rendered":"Excelencia"},"content":{"rendered":"\n<div class=\"wp-block-uagb-container uagb-block-4fcf6d56 alignfull uagb-is-root-container\"><div class=\"uagb-container__shape uagb-container__shape-bottom uagb-container__invert\" data-negative=\"false\"><svg xmlns=\"https:\/\/www.w3.org\/2000\/svg\" viewBox=\"0 0 1000 100\" preserveAspectRatio=\"none\"><path class=\"uagb-container__shape-fill\" d=\"M421.9,6.5c22.6-2.5,51.5,0.4,75.5,5.3c23.6,4.9,70.9,23.5,100.5,35.7c75.8,32.2,133.7,44.5,192.6,49.7  c23.6,2.1,48.7,3.5,103.4-2.5c54.7-6,106.2-25.6,106.2-25.6V0H0v30.3c0,0,72,32.6,158.4,30.5c39.2-0.7,92.8-6.7,134-22.4  c21.2-8.1,52.2-18.2,79.7-24.2C399.3,7.9,411.6,7.5,421.9,6.5z\"><\/path><\/svg><\/div><div class=\"uagb-container-inner-blocks-wrap\">\n<div class=\"wp-block-uagb-info-box uagb-block-fc321aa1 uagb-infobox__content-wrap  uagb-infobox-icon-above-title uagb-infobox-image-valign-top\"><div class=\"uagb-ifb-content\"><div class=\"uagb-ifb-title-wrap\"><h3 class=\"uagb-ifb-title\">Excelencia<\/h3><\/div><p class=\"uagb-ifb-desc\">Click here to change this text. Lorem ipsum dolor sit amet, consectetur adipiscing elit. Ut elit tellus, luctus nec ullamcorper mattis, pulvinar dapibus leo.<\/p><\/div><\/div>\n<\/div><\/div>\n\n\n\n<div class=\"wp-block-uagb-container uagb-block-gkcztgj6 alignfull uagb-is-root-container\"><div class=\"uagb-container-inner-blocks-wrap\">\n<div class=\"wp-block-uagb-container uagb-block-84hm6tac\">\n<div class=\"wp-block-uagb-info-box uagb-block-de14ceoe uagb-infobox__content-wrap  uagb-infobox-icon-above-title uagb-infobox-image-valign-top\"><div class=\"uagb-ifb-content\"><div class=\"uagb-ifb-title-wrap\"><span class=\"uagb-ifb-title-prefix\">Reconocimiento a la<\/span><h3 class=\"uagb-ifb-title\">\u00abCalidad Educativa\u00bb<\/h3><\/div><p class=\"uagb-ifb-desc\">Es un honor y un privilegio para nosotros recibir el reconocimiento a la calidad educativa otorgado por la Universidad Peruana de Ciencias Aplicadas.<br><br>Este prestigioso reconocimiento es un testimonio del compromiso incansable de nuestra instituci\u00f3n con la excelencia acad\u00e9mica y el desarrollo integral de nuestros estudiantes.<br><br>En el Colegio Privado C\u00e9sar Vallejo, nos esforzamos por brindar una educaci\u00f3n de calidad que no solo prepare a nuestros alumnos para sobresalir en el \u00e1mbito acad\u00e9mico, sino tambi\u00e9n para convertirse en ciudadanos \u00e9ticos, responsables y comprometidos con su entorno. <br><br>Este reconocimiento valida nuestro enfoque educativo y nos impulsa a seguir avanzando en nuestra misi\u00f3n de formar l\u00edderes del ma\u00f1ana.<br>Agradecemos profundamente a la Pontificia Universidad Cat\u00f3lica del Per\u00fa por este honor, y reafirmamos nuestro compromiso de continuar elevando los est\u00e1ndares educativos y contribuyendo al desarrollo de una sociedad m\u00e1s justa y pr\u00f3spera.<\/p><\/div><\/div>\n<\/div>\n\n\n\n<div class=\"wp-block-uagb-image uagb-block-xgo9gwzg wp-block-uagb-image--layout-default wp-block-uagb-image--effect-static wp-block-uagb-image--align-none\"><figure class=\"wp-block-uagb-image__figure\"><img decoding=\"async\" srcset=\"https:\/\/www.colegiocesarvallejo.edu.pe\/inicio\/wp-content\/uploads\/2024\/06\/312098905_5874269175930070_4597954229488275412_n-1024x768.jpg ,https:\/\/www.colegiocesarvallejo.edu.pe\/inicio\/wp-content\/uploads\/2024\/06\/312098905_5874269175930070_4597954229488275412_n.jpg 780w, https:\/\/www.colegiocesarvallejo.edu.pe\/inicio\/wp-content\/uploads\/2024\/06\/312098905_5874269175930070_4597954229488275412_n.jpg 360w\" sizes=\"auto, (max-width: 480px) 150px\" src=\"https:\/\/www.colegiocesarvallejo.edu.pe\/inicio\/wp-content\/uploads\/2024\/06\/312098905_5874269175930070_4597954229488275412_n-1024x768.jpg\" alt=\"\" class=\"uag-image-2754\" width=\"564\" height=\"500\" title=\"312098905_5874269175930070_4597954229488275412_n\" loading=\"lazy\" role=\"img\"\/><\/figure><\/div>\n<\/div><\/div>\n\n\n\n<div class=\"wp-block-uagb-container uagb-block-79931262 alignfull uagb-is-root-container\"><div class=\"uagb-container-inner-blocks-wrap\">\n<div class=\"wp-block-uagb-info-box uagb-block-1e21bf73 uagb-infobox__content-wrap  uagb-infobox-icon-above-title uagb-infobox-image-valign-top\"><div class=\"uagb-ifb-content\"><div class=\"uagb-ifb-title-wrap\"><h3 class=\"uagb-ifb-title\">Alianzas Estrat\u00e9gicas<\/h3><\/div><p class=\"uagb-ifb-desc\">En el Colegio C\u00e9sar Vallejo, valoramos la importancia de establecer alianzas estrat\u00e9gicas con organizaciones e instituciones que compartan nuestros valores y contribuyan al enriquecimiento de la experiencia educativa de nuestros estudiantes.<\/p><\/div><\/div>\n<\/div><\/div>\n\n\n\n<div class=\"wp-block-uagb-container uagb-block-2f2c558b alignfull uagb-is-root-container\"><div class=\"uagb-container__shape uagb-container__shape-bottom uagb-container__invert\" data-negative=\"false\"><svg xmlns=\"https:\/\/www.w3.org\/2000\/svg\" viewBox=\"0 0 1000 100\" preserveAspectRatio=\"none\"><path class=\"uagb-container__shape-fill\" d=\"M421.9,6.5c22.6-2.5,51.5,0.4,75.5,5.3c23.6,4.9,70.9,23.5,100.5,35.7c75.8,32.2,133.7,44.5,192.6,49.7  c23.6,2.1,48.7,3.5,103.4-2.5c54.7-6,106.2-25.6,106.2-25.6V0H0v30.3c0,0,72,32.6,158.4,30.5c39.2-0.7,92.8-6.7,134-22.4  c21.2-8.1,52.2-18.2,79.7-24.2C399.3,7.9,411.6,7.5,421.9,6.5z\"><\/path><\/svg><\/div><div class=\"uagb-container-inner-blocks-wrap\">\n<div class=\"wp-block-uagb-container uagb-block-197c46e3\">\n<div class=\"wp-block-uagb-image uagb-block-0e4283e2 wp-block-uagb-image--layout-default wp-block-uagb-image--effect-static wp-block-uagb-image--align-none\"><figure class=\"wp-block-uagb-image__figure\"><img decoding=\"async\" srcset=\"https:\/\/www.colegiocesarvallejo.edu.pe\/inicio\/wp-content\/uploads\/2024\/06\/Copia-de-Imagotipo-PUCP-alta_resolucion-1-1-1024x493.png ,https:\/\/www.colegiocesarvallejo.edu.pe\/inicio\/wp-content\/uploads\/2024\/06\/Copia-de-Imagotipo-PUCP-alta_resolucion-1-1.png 780w, https:\/\/www.colegiocesarvallejo.edu.pe\/inicio\/wp-content\/uploads\/2024\/06\/Copia-de-Imagotipo-PUCP-alta_resolucion-1-1.png 360w\" sizes=\"auto, (max-width: 480px) 150px\" src=\"https:\/\/www.colegiocesarvallejo.edu.pe\/inicio\/wp-content\/uploads\/2024\/06\/Copia-de-Imagotipo-PUCP-alta_resolucion-1-1-1024x493.png\" alt=\"\" class=\"uag-image-3259\" width=\"2239\" height=\"1079\" title=\"Copia-de-Imagotipo-PUCP-alta_resolucion-1-1\" loading=\"lazy\" role=\"img\"\/><\/figure><\/div>\n<\/div>\n\n\n\n<div class=\"wp-block-uagb-container uagb-block-88d02b7f\">\n<div class=\"wp-block-uagb-image uagb-block-2d82e782 wp-block-uagb-image--layout-default wp-block-uagb-image--effect-static wp-block-uagb-image--align-none\"><figure class=\"wp-block-uagb-image__figure\"><img decoding=\"async\" srcset=\"https:\/\/www.colegiocesarvallejo.edu.pe\/inicio\/wp-content\/uploads\/2024\/06\/UPC-carreras-para-gente-que-trabaja.png ,https:\/\/www.colegiocesarvallejo.edu.pe\/inicio\/wp-content\/uploads\/2024\/06\/UPC-carreras-para-gente-que-trabaja.png 780w, https:\/\/www.colegiocesarvallejo.edu.pe\/inicio\/wp-content\/uploads\/2024\/06\/UPC-carreras-para-gente-que-trabaja.png 360w\" sizes=\"auto, (max-width: 480px) 150px\" src=\"https:\/\/www.colegiocesarvallejo.edu.pe\/inicio\/wp-content\/uploads\/2024\/06\/UPC-carreras-para-gente-que-trabaja.png\" alt=\"\" class=\"uag-image-3260\" width=\"700\" height=\"300\" title=\"UPC-carreras-para-gente-que-trabaja\" loading=\"lazy\" role=\"img\"\/><\/figure><\/div>\n<\/div>\n<\/div><\/div>\n","protected":false},"excerpt":{"rendered":"","protected":false},"author":1,"featured_media":0,"parent":0,"menu_order":0,"comment_status":"closed","ping_status":"closed","template":"","meta":{"_eb_attr":"","_uag_custom_page_level_css":"","site-sidebar-layout":"default","site-content-layout":"","ast-site-content-layout":"full-width-container","site-content-style":"default","site-sidebar-style":"default","ast-global-header-display":"","ast-banner-title-visibility":"","ast-main-header-display":"","ast-hfb-above-header-display":"","ast-hfb-below-header-display":"","ast-hfb-mobile-header-display":"","site-post-title":"disabled","ast-breadcrumbs-content":"","ast-featured-img":"","footer-sml-layout":"","theme-transparent-header-meta":"","adv-header-id-meta":"","stick-header-meta":"","header-above-stick-meta":"","header-main-stick-meta":"","header-below-stick-meta":"","astra-migrate-meta-layouts":"set","ast-page-background-enabled":"default","ast-page-background-meta":{"desktop":{"background-color":"","background-image":"","background-repeat":"repeat","background-position":"center center","background-size":"auto","background-attachment":"scroll","background-type":"","background-media":"","overlay-type":"","overlay-color":"","overlay-gradient":""},"tablet":{"background-color":"","background-image":"","background-repeat":"repeat","background-position":"center center","background-size":"auto","background-attachment":"scroll","background-type":"","background-media":"","overlay-type":"","overlay-color":"","overlay-gradient":""},"mobile":{"background-color":"","background-image":"","background-repeat":"repeat","background-position":"center center","background-size":"auto","background-attachment":"scroll","background-type":"","background-media":"","overlay-type":"","overlay-color":"","overlay-gradient":""}},"ast-content-background-meta":{"desktop":{"background-color":"var(--ast-global-color-5)","background-image":"","background-repeat":"repeat","background-position":"center center","background-size":"auto","background-attachment":"scroll","background-type":"","background-media":"","overlay-type":"","overlay-color":"","overlay-gradient":""},"tablet":{"background-color":"var(--ast-global-color-5)","background-image":"","background-repeat":"repeat","background-position":"center center","background-size":"auto","background-attachment":"scroll","background-type":"","background-media":"","overlay-type":"","overlay-color":"","overlay-gradient":""},"mobile":{"background-color":"var(--ast-global-color-5)","background-image":"","background-repeat":"repeat","background-position":"center center","background-size":"auto","background-attachment":"scroll","background-type":"","background-media":"","overlay-type":"","overlay-color":"","overlay-gradient":""}},"footnotes":""},"class_list":["post-3248","page","type-page","status-publish","hentry"],"uagb_featured_image_src":{"full":false,"thumbnail":false,"medium":false,"medium_large":false,"large":false,"1536x1536":false,"2048x2048":false},"uagb_author_info":{"display_name":"admin","author_link":"https:\/\/www.colegiocesarvallejo.edu.pe\/inicio\/author\/admin\/"},"uagb_comment_info":0,"uagb_excerpt":null,"_links":{"self":[{"href":"https:\/\/www.colegiocesarvallejo.edu.pe\/inicio\/wp-json\/wp\/v2\/pages\/3248","targetHints":{"allow":["GET"]}}],"collection":[{"href":"https:\/\/www.colegiocesarvallejo.edu.pe\/inicio\/wp-json\/wp\/v2\/pages"}],"about":[{"href":"https:\/\/www.colegiocesarvallejo.edu.pe\/inicio\/wp-json\/wp\/v2\/types\/page"}],"author":[{"embeddable":true,"href":"https:\/\/www.colegiocesarvallejo.edu.pe\/inicio\/wp-json\/wp\/v2\/users\/1"}],"replies":[{"embeddable":true,"href":"https:\/\/www.colegiocesarvallejo.edu.pe\/inicio\/wp-json\/wp\/v2\/comments?post=3248"}],"version-history":[{"count":11,"href":"https:\/\/www.colegiocesarvallejo.edu.pe\/inicio\/wp-json\/wp\/v2\/pages\/3248\/revisions"}],"predecessor-version":[{"id":3263,"href":"https:\/\/www.colegiocesarvallejo.edu.pe\/inicio\/wp-json\/wp\/v2\/pages\/3248\/revisions\/3263"}],"wp:attachment":[{"href":"https:\/\/www.colegiocesarvallejo.edu.pe\/inicio\/wp-json\/wp\/v2\/media?parent=3248"}],"curies":[{"name":"wp","href":"https:\/\/api.w.org\/{rel}","templated":true}]}}